{"id":982,"date":"2024-03-13T17:30:41","date_gmt":"2024-03-13T16:30:41","guid":{"rendered":"http:\/\/gaanwebsite.algerie.site\/about-us\/"},"modified":"2024-05-23T16:08:29","modified_gmt":"2024-05-23T14:08:29","slug":"a-propos","status":"publish","type":"page","link":"https:\/\/gaan.dz\/fr\/a-propos\/","title":{"rendered":"A propos"},"content":{"rendered":"\t\t<div data-elementor-type=\"wp-page\" data-elementor-id=\"982\" class=\"elementor elementor-982 elementor-35\" data-elementor-post-type=\"page\">\n\t\t\t\t<div class=\"elementor-element elementor-element-50ec6882 e-flex e-con-boxed e-con e-parent\" data-id=\"50ec6882\" data-element_type=\"container\" data-settings=\"{&quot;background_background&quot;:&quot;classic&quot;}\">\n\t\t\t\t\t<div class=\"e-con-inner\">\n\t\t\t\t<div class=\"elementor-element elementor-element-4ba63d63 elementor-widget elementor-widget-heading\" data-id=\"4ba63d63\" data-element_type=\"widget\" data-widget_type=\"heading.default\">\n\t\t\t\t<div class=\"elementor-widget-container\">\n\t\t\t\t\t<h1 class=\"elementor-heading-title elementor-size-default\">\u00c0 propos de nous<\/h1>\t\t\t\t<\/div>\n\t\t\t\t<\/div>\n\t\t\t\t\t<\/div>\n\t\t\t\t<\/div>\n\t\t<div class=\"elementor-element elementor-element-224e83e8 e-flex e-con-boxed e-con e-parent\" data-id=\"224e83e8\" data-element_type=\"container\" data-settings=\"{&quot;background_background&quot;:&quot;classic&quot;}\">\n\t\t\t\t\t<div class=\"e-con-inner\">\n\t\t<div class=\"elementor-element elementor-element-4242c47b e-con-full e-flex e-con e-child\" data-id=\"4242c47b\" data-element_type=\"container\">\n\t\t\t\t<div class=\"elementor-element elementor-element-24cfdff5 elementor-widget__width-initial elementor-widget-tablet__width-initial elementor-widget elementor-widget-elementskit-heading\" data-id=\"24cfdff5\" data-element_type=\"widget\" data-widget_type=\"elementskit-heading.default\">\n\t\t\t\t<div class=\"elementor-widget-container\">\n\t\t\t\t\t<div class=\"ekit-wid-con\" ><div class=\"ekit-heading elementskit-section-title-wraper text_left   ekit_heading_tablet-   ekit_heading_mobile-\"><h3 class=\"ekit-heading--title elementskit-section-title \">Notre Histoire<\/h3>\t\t\t\t<div class='ekit-heading__description'>\n\t\t\t\t\t<p>Lanc\u00e9 en Janvier 2020 par un groupe d\u2019entreprises alg\u00e9riennes \u0153uvrant dans le domaine du num\u00e9rique, et croyant fermement en l\u2019intelligence collective, le GAAN (Groupement Alg\u00e9rien des Acteurs du Num\u00e9rique) aspire \u00e0 r\u00e9unir un maximum d\u2019acteurs du num\u00e9rique alg\u00e9rien quelle que soit leur taille, statut juridique, niveau d\u2019expertise, secteur de sp\u00e9cialisation ou positionnement g\u00e9ographique, autour de 4 objectifs majeurs :\u00a0<strong>F\u00e9d\u00e9rer, Grandir, Rayonner et Transformer.<\/strong><\/p>\n\t\t\t\t<\/div>\n\t\t\t<\/div><\/div>\t\t\t\t<\/div>\n\t\t\t\t<\/div>\n\t\t\t\t<\/div>\n\t\t<div class=\"elementor-element elementor-element-551530bf e-con-full e-flex e-con e-child\" data-id=\"551530bf\" data-element_type=\"container\">\n\t\t\t\t<div class=\"elementor-element elementor-element-5eae2d9c elementor-hidden-mobile elementor-widget elementor-widget-image\" data-id=\"5eae2d9c\" data-element_type=\"widget\" data-widget_type=\"image.default\">\n\t\t\t\t<div class=\"elementor-widget-container\">\n\t\t\t\t\t\t\t\t\t\t\t\t\t\t\t<img fetchpriority=\"high\" decoding=\"async\" width=\"1024\" height=\"683\" src=\"https:\/\/gaan.dz\/wp-content\/uploads\/2024\/04\/326312.jpg\" class=\"attachment-full size-full wp-image-948\" alt=\"\" srcset=\"https:\/\/gaan.dz\/wp-content\/uploads\/2024\/04\/326312.jpg 1024w, https:\/\/gaan.dz\/wp-content\/uploads\/2024\/04\/326312-300x200.jpg 300w, https:\/\/gaan.dz\/wp-content\/uploads\/2024\/04\/326312-768x512.jpg 768w\" sizes=\"(max-width: 1024px) 100vw, 1024px\" \/>\t\t\t\t\t\t\t\t\t\t\t\t\t\t\t<\/div>\n\t\t\t\t<\/div>\n\t\t\t\t<\/div>\n\t\t\t\t\t<\/div>\n\t\t\t\t<\/div>\n\t\t<div class=\"elementor-element elementor-element-61936b35 e-flex e-con-boxed e-con e-parent\" data-id=\"61936b35\" data-element_type=\"container\" data-settings=\"{&quot;background_background&quot;:&quot;classic&quot;}\">\n\t\t\t\t\t<div class=\"e-con-inner\">\n\t\t<div class=\"elementor-element elementor-element-07b88e5 e-flex e-con-boxed e-con e-child\" data-id=\"07b88e5\" data-element_type=\"container\">\n\t\t\t\t\t<div class=\"e-con-inner\">\n\t\t\t\t<div class=\"elementor-element elementor-element-f053efe elementor-widget elementor-widget-heading\" data-id=\"f053efe\" data-element_type=\"widget\" data-widget_type=\"heading.default\">\n\t\t\t\t<div class=\"elementor-widget-container\">\n\t\t\t\t\t<h2 class=\"elementor-heading-title elementor-size-default\">Vers l'\u00e9mergence d'une \u00e9conomie num\u00e9rique forte en Alg\u00e9rie : Le r\u00f4le cl\u00e9 du GAAN<\/h2>\t\t\t\t<\/div>\n\t\t\t\t<\/div>\n\t\t\t\t\t<\/div>\n\t\t\t\t<\/div>\n\t\t\t\t<div class=\"elementor-element elementor-element-4fd20ef elementor-widget elementor-widget-text-editor\" data-id=\"4fd20ef\" data-element_type=\"widget\" data-widget_type=\"text-editor.default\">\n\t\t\t\t<div class=\"elementor-widget-container\">\n\t\t\t\t\t\t\t\t\t<p>Notre pays a besoin de rattraper son retard technologique, tout en axant ses choix et orientations strat\u00e9giques, sur les probl\u00e9matiques locales, entravant l\u2019\u00e9closion du g\u00e9nie des jeunes alg\u00e9riens. Il appartient donc naturellement \u00e0 ces m\u00eames acteurs, d\u2019organiser cette remise \u00e0 niveau, n\u00e9cessaire \u00e0 la mise en place d\u2019un socle technologique solide et transversal, devant supporter une transformation de fond, pour l\u2019\u00e9volution de l\u2019ensemble des autres secteurs, qu\u2019ils soient \u00e9conomiques ou soci\u00e9taux.<\/p>\t\t\t\t\t\t\t\t<\/div>\n\t\t\t\t<\/div>\n\t\t<div class=\"elementor-element elementor-element-f7a342b e-flex e-con-boxed e-con e-child\" data-id=\"f7a342b\" data-element_type=\"container\" data-settings=\"{&quot;background_background&quot;:&quot;classic&quot;}\">\n\t\t\t\t\t<div class=\"e-con-inner\">\n\t\t<div class=\"elementor-element elementor-element-b2bef93 e-con-full e-flex e-con e-child\" data-id=\"b2bef93\" data-element_type=\"container\">\n\t\t\t\t<div class=\"elementor-element elementor-element-8f47f8d elementor-widget elementor-widget-heading\" data-id=\"8f47f8d\" data-element_type=\"widget\" data-widget_type=\"heading.default\">\n\t\t\t\t<div class=\"elementor-widget-container\">\n\t\t\t\t\t<h3 class=\"elementor-heading-title elementor-size-default\">NOS VALEURS<\/h3>\t\t\t\t<\/div>\n\t\t\t\t<\/div>\n\t\t\t\t<div class=\"elementor-element elementor-element-e373814 elementor-widget elementor-widget-heading\" data-id=\"e373814\" data-element_type=\"widget\" data-widget_type=\"heading.default\">\n\t\t\t\t<div class=\"elementor-widget-container\">\n\t\t\t\t\t<h3 class=\"elementor-heading-title elementor-size-default\"> <\/h3>\t\t\t\t<\/div>\n\t\t\t\t<\/div>\n\t\t\t\t<\/div>\n\t\t<div class=\"elementor-element elementor-element-03a308e e-con-full e-flex e-con e-child\" data-id=\"03a308e\" data-element_type=\"container\">\n\t\t\t\t<div class=\"elementor-element elementor-element-f088d2f elementor-widget elementor-widget-heading\" data-id=\"f088d2f\" data-element_type=\"widget\" data-widget_type=\"heading.default\">\n\t\t\t\t<div class=\"elementor-widget-container\">\n\t\t\t\t\t<h3 class=\"elementor-heading-title elementor-size-default\">INCLUSION<\/h3>\t\t\t\t<\/div>\n\t\t\t\t<\/div>\n\t\t\t\t<div class=\"elementor-element elementor-element-51de7ff elementor-widget elementor-widget-heading\" data-id=\"51de7ff\" data-element_type=\"widget\" data-widget_type=\"heading.default\">\n\t\t\t\t<div class=\"elementor-widget-container\">\n\t\t\t\t\t<h3 class=\"elementor-heading-title elementor-size-default\">TRANSPARENCE<\/h3>\t\t\t\t<\/div>\n\t\t\t\t<\/div>\n\t\t\t\t<div class=\"elementor-element elementor-element-8bbba13 elementor-widget elementor-widget-heading\" data-id=\"8bbba13\" data-element_type=\"widget\" data-widget_type=\"heading.default\">\n\t\t\t\t<div class=\"elementor-widget-container\">\n\t\t\t\t\t<h3 class=\"elementor-heading-title elementor-size-default\">\u00c9QUIT\u00c9                                 <\/h3>\t\t\t\t<\/div>\n\t\t\t\t<\/div>\n\t\t\t\t<div class=\"elementor-element elementor-element-2c7ab23 elementor-widget elementor-widget-heading\" data-id=\"2c7ab23\" data-element_type=\"widget\" data-widget_type=\"heading.default\">\n\t\t\t\t<div class=\"elementor-widget-container\">\n\t\t\t\t\t<h3 class=\"elementor-heading-title elementor-size-default\">PARTAGE<\/h3>\t\t\t\t<\/div>\n\t\t\t\t<\/div>\n\t\t\t\t<div class=\"elementor-element elementor-element-5211404 elementor-widget elementor-widget-heading\" data-id=\"5211404\" data-element_type=\"widget\" data-widget_type=\"heading.default\">\n\t\t\t\t<div class=\"elementor-widget-container\">\n\t\t\t\t\t<h3 class=\"elementor-heading-title elementor-size-default\">SOLIDARIT\u00c9<\/h3>\t\t\t\t<\/div>\n\t\t\t\t<\/div>\n\t\t\t\t<\/div>\n\t\t<div class=\"elementor-element elementor-element-c4de200 e-con-full e-flex e-con e-child\" data-id=\"c4de200\" data-element_type=\"container\">\n\t\t\t\t<div class=\"elementor-element elementor-element-c012caf elementor-widget elementor-widget-heading\" data-id=\"c012caf\" data-element_type=\"widget\" data-widget_type=\"heading.default\">\n\t\t\t\t<div class=\"elementor-widget-container\">\n\t\t\t\t\t<h3 class=\"elementor-heading-title elementor-size-default\"> <\/h3>\t\t\t\t<\/div>\n\t\t\t\t<\/div>\n\t\t\t\t<\/div>\n\t\t<div class=\"elementor-element elementor-element-14bbac1 e-con-full e-flex e-con e-child\" data-id=\"14bbac1\" data-element_type=\"container\">\n\t\t\t\t<\/div>\n\t\t\t\t\t<\/div>\n\t\t\t\t<\/div>\n\t\t\t\t\t<\/div>\n\t\t\t\t<\/div>\n\t\t<div class=\"elementor-element elementor-element-70506e69 e-con-full e-flex e-con e-parent\" data-id=\"70506e69\" data-element_type=\"container\">\n\t\t<div class=\"elementor-element elementor-element-256d8ec3 e-con-full elementor-hidden-mobile e-flex e-con e-child\" data-id=\"256d8ec3\" data-element_type=\"container\" data-settings=\"{&quot;background_background&quot;:&quot;classic&quot;}\">\n\t\t\t\t<\/div>\n\t\t<div class=\"elementor-element elementor-element-65be32fe e-flex e-con-boxed e-con e-child\" data-id=\"65be32fe\" data-element_type=\"container\" data-settings=\"{&quot;background_background&quot;:&quot;classic&quot;}\">\n\t\t\t\t\t<div class=\"e-con-inner\">\n\t\t\t\t<div class=\"elementor-element elementor-element-38420c3 elementor-widget elementor-widget-text-editor\" data-id=\"38420c3\" data-element_type=\"widget\" data-widget_type=\"text-editor.default\">\n\t\t\t\t<div class=\"elementor-widget-container\">\n\t\t\t\t\t\t\t\t\t<p><strong>Notre Projet<\/strong><\/p>\t\t\t\t\t\t\t\t<\/div>\n\t\t\t\t<\/div>\n\t\t\t\t<div class=\"elementor-element elementor-element-655979c elementor-widget elementor-widget-text-editor\" data-id=\"655979c\" data-element_type=\"widget\" data-widget_type=\"text-editor.default\">\n\t\t\t\t<div class=\"elementor-widget-container\">\n\t\t\t\t\t\t\t\t\t<section data-element_type=\"section\" data-id=\"ad81a05\" data-settings=\"{&quot;animation&quot;:&quot;fadeInUp&quot;}\"><ul><li>\u00catre le porte-voix des adh\u00e9rents vis-\u00e0-vis des parties prenantes externes au niveau national et international<\/li><li>F\u00e9d\u00e9rer les comp\u00e9tences et acteurs nationaux du Num\u00e9rique.<\/li><li>Mutualiser les ressources des entreprises adh\u00e9rentes afin de d\u00e9velopper les comp\u00e9tences techniques et manag\u00e9riales<\/li><li>Accompagner et renforcer la croissance des entreprises adh\u00e9rentes du GAAN<\/li><li>Promouvoir les entreprises adh\u00e9rentes aux niveaux r\u00e9gional, national et international<\/li><li>Recueillir et diffuser des informations relatives au secteur au sein des adh\u00e9rents<\/li><li>Renforcer la promotion et l\u2019application du droit \u00e0 la protection des donn\u00e9es personnelles<\/li><\/ul><\/section>\t\t\t\t\t\t\t\t<\/div>\n\t\t\t\t<\/div>\n\t\t\t\t\t<\/div>\n\t\t\t\t<\/div>\n\t\t\t\t<\/div>\n\t\t<div class=\"elementor-element elementor-element-2389a31 e-grid elementor-hidden-desktop elementor-hidden-tablet elementor-hidden-mobile e-con-boxed e-con e-parent\" data-id=\"2389a31\" data-element_type=\"container\">\n\t\t\t\t\t<div class=\"e-con-inner\">\n\t\t<div class=\"elementor-element elementor-element-219775f e-flex e-con-boxed e-con e-child\" data-id=\"219775f\" data-element_type=\"container\" data-settings=\"{&quot;background_background&quot;:&quot;classic&quot;}\">\n\t\t\t\t\t<div class=\"e-con-inner\">\n\t\t\t\t<div class=\"elementor-element elementor-element-868cb42 elementor-widget elementor-widget-text-editor\" data-id=\"868cb42\" data-element_type=\"widget\" data-widget_type=\"text-editor.default\">\n\t\t\t\t<div class=\"elementor-widget-container\">\n\t\t\t\t\t\t\t\t\t<p>Be part of Algeria&rsquo;s first digital community and meet hundreds of players (companies and experts) in the Algerian and African digital sector.<\/p>\t\t\t\t\t\t\t\t<\/div>\n\t\t\t\t<\/div>\n\t\t\t\t\t<\/div>\n\t\t\t\t<\/div>\n\t\t\t\t<div class=\"elementor-element elementor-element-41288e8 elementor-align-center elementor-widget elementor-widget-elementskit-button\" data-id=\"41288e8\" data-element_type=\"widget\" data-widget_type=\"elementskit-button.default\">\n\t\t\t\t<div class=\"elementor-widget-container\">\n\t\t\t\t\t<div class=\"ekit-wid-con\" >\t\t<div class=\"ekit-btn-wraper\">\n\t\t\t\t\t\t\t<a href=\"https:\/\/www.gaan.dz\/campagne-adhesion\" target=\"_blank\" class=\"elementskit-btn  whitespace--normal\" id=\"\">\n\t\t\t\t\tJoin Now\t\t\t\t<\/a>\n\t\t\t\t\t<\/div>\n        <\/div>\t\t\t\t<\/div>\n\t\t\t\t<\/div>\n\t\t\t\t\t<\/div>\n\t\t\t\t<\/div>\n\t\t<div class=\"elementor-element elementor-element-69af2c8 e-flex e-con-boxed e-con e-parent\" data-id=\"69af2c8\" data-element_type=\"container\">\n\t\t\t\t\t<div class=\"e-con-inner\">\n\t\t\t\t<div class=\"elementor-element elementor-element-ea600c8 elementor-cta--skin-cover elementor-animated-content elementor-bg-transform elementor-bg-transform-zoom-in elementor-widget elementor-widget-call-to-action\" data-id=\"ea600c8\" data-element_type=\"widget\" data-widget_type=\"call-to-action.default\">\n\t\t\t\t<div class=\"elementor-widget-container\">\n\t\t\t\t\t\t\t<a class=\"elementor-cta\" href=\"https:\/\/www.gaan.dz\/campagne-adhesion\" target=\"_blank\">\n\t\t\t\t\t<div class=\"elementor-cta__bg-wrapper\">\n\t\t\t\t<div class=\"elementor-cta__bg elementor-bg\" style=\"background-image: url(https:\/\/gaan.dz\/wp-content\/uploads\/2024\/05\/vert-1-1024x397.png);\" role=\"img\" aria-label=\"vert (1)\"><\/div>\n\t\t\t\t<div class=\"elementor-cta__bg-overlay\"><\/div>\n\t\t\t<\/div>\n\t\t\t\t\t\t\t<div class=\"elementor-cta__content\">\n\t\t\t\t\n\t\t\t\t\t\t\t\t\t<h2 class=\"elementor-cta__title elementor-cta__content-item elementor-content-item elementor-animated-item--grow\">\n\t\t\t\t\t\tFaites partie de la premi\u00e8re communaut\u00e9 num\u00e9rique alg\u00e9rienne et rencontrez des centaines d'acteurs (entreprises et experts) du secteur num\u00e9rique alg\u00e9rien et africain.\t\t\t\t\t<\/h2>\n\t\t\t\t\n\t\t\t\t\n\t\t\t\t\t\t\t\t\t<div class=\"elementor-cta__button-wrapper elementor-cta__content-item elementor-content-item elementor-animated-item--grow\">\n\t\t\t\t\t<span class=\"elementor-cta__button elementor-button elementor-size-\">\n\t\t\t\t\t\tDEVENIR MEMBRE\t\t\t\t\t<\/span>\n\t\t\t\t\t<\/div>\n\t\t\t\t\t\t\t<\/div>\n\t\t\t\t\t\t<\/a>\n\t\t\t\t\t\t<\/div>\n\t\t\t\t<\/div>\n\t\t\t\t\t<\/div>\n\t\t\t\t<\/div>\n\t\t\t\t<\/div>\n\t\t","protected":false},"excerpt":{"rendered":"<p>\u00c0 propos de nous Notre Histoire Lanc\u00e9 en Janvier 2020 par un groupe d\u2019entreprises alg\u00e9riennes \u0153uvrant dans le domaine du num\u00e9rique, et croyant fermement en l\u2019intelligence collective, le GAAN (Groupement Alg\u00e9rien des Acteurs du Num\u00e9rique) aspire \u00e0 r\u00e9unir un maximum d\u2019acteurs du num\u00e9rique alg\u00e9rien quelle que soit leur taille, statut juridique, niveau d\u2019expertise, secteur de [&hellip;]<\/p>\n","protected":false},"author":1,"featured_media":0,"parent":0,"menu_order":0,"comment_status":"closed","ping_status":"closed","template":"elementor_header_footer","meta":{"footnotes":""},"class_list":["post-982","page","type-page","status-publish","hentry"],"_links":{"self":[{"href":"https:\/\/gaan.dz\/fr\/wp-json\/wp\/v2\/pages\/982","targetHints":{"allow":["GET"]}}],"collection":[{"href":"https:\/\/gaan.dz\/fr\/wp-json\/wp\/v2\/pages"}],"about":[{"href":"https:\/\/gaan.dz\/fr\/wp-json\/wp\/v2\/types\/page"}],"author":[{"embeddable":true,"href":"https:\/\/gaan.dz\/fr\/wp-json\/wp\/v2\/users\/1"}],"replies":[{"embeddable":true,"href":"https:\/\/gaan.dz\/fr\/wp-json\/wp\/v2\/comments?post=982"}],"version-history":[{"count":10,"href":"https:\/\/gaan.dz\/fr\/wp-json\/wp\/v2\/pages\/982\/revisions"}],"predecessor-version":[{"id":1049,"href":"https:\/\/gaan.dz\/fr\/wp-json\/wp\/v2\/pages\/982\/revisions\/1049"}],"wp:attachment":[{"href":"https:\/\/gaan.dz\/fr\/wp-json\/wp\/v2\/media?parent=982"}],"curies":[{"name":"wp","href":"https:\/\/api.w.org\/{rel}","templated":true}]}}